{"id":30365,"date":"2024-12-04T17:27:57","date_gmt":"2024-12-04T15:27:57","guid":{"rendered":"https:\/\/shop.weingut-bastian-bacharach.de\/?product=2018er-bacharacher-wolfshoehle-riesling-feinherb-075l"},"modified":"2024-12-04T17:27:57","modified_gmt":"2024-12-04T15:27:57","slug":"2018er-bacharacher-wolfshoehle-riesling-feinherb-075l","status":"publish","type":"product","link":"https:\/\/shop.weingut-bastian-bacharach.de\/?product=2018er-bacharacher-wolfshoehle-riesling-feinherb-075l","title":{"rendered":"<br>2018er Bacharacher Wolfsh\u00f6hle Riesling feinherb 0,75l<br>"},"content":{"rendered":"<div align=\"left\"><font size=\"1\"><\/p>\n<p>        <font color=\"#666666\"><!-- IBGHTML --><!-- IBGHTML -->Die Wolfsh\u00f6hle&nbsp;erstreckt sich dem Steeger Tal folgend an der Flanke des Voigtsberges. Der blaue Devonschiefer ist hier von Quarzit durchzogen, und das aufliegende Erdreich mit Lehm durchmischt. Mit bis zu 70 Prozent Steigung streben die gro\u00dfen Weinbergsterrassen bis auf 200 H\u00f6henmeter.&nbsp;Unter den Bacharacher Einzellagen genie\u00dft die Wolfsh\u00f6hle die l\u00e4ngste Sonneneinstrahlung. Dieser feinherbe Lagen-Riesling pr\u00e4sentiert sich kraftvoll und w\u00fcrzig mit markanter S\u00e4urestruktur und kr\u00e4uterigem Duft.<\/font><\/p>\n<p><\/font><\/div>\n<table WIDTH=\"60%\" BORDER=\"0\" align=\"left\" CELLPADDING=\"0\" CELLSPACING=\"0\"><\/p>\n<tr><\/p>\n<td width=\"53%\"><font size=\"-1\">Artikelnummer:<\/font><\/td>\n<td width=\"47%\"><font size=\"-1\"><strong>10\/19<\/strong><\/font><\/td>\n<p><\/tr>\n<tr><\/p>\n<td><font size=\"-1\">Inhalt<\/font><\/td>\n<td><font size=\"-1\"><strong>0,75 Ltr.<\/strong><\/font><\/td>\n<p><\/tr>\n<tr ALIGN=\"LEFT\"><\/p>\n<td><font size=\"-1\">Preis\/Ltr.<\/font><\/td>\n<td><font size=\"-1\"><strong>20,67 EUR pro Ltr.<\/strong><\/font><\/td>\n<p><\/tr>\n<tr><\/p>\n<td><font size=\"-1\">Weinart:<\/font><\/td>\n<td><font size=\"-1\"><strong>Wei\u00dfwein<\/strong><\/font><\/td>\n<p><\/tr>\n<tr><\/p>\n<td><font size=\"-1\">Qualit&auml;tsstufe<\/font><\/td>\n<td><font size=\"-1\"><strong>Qualit\u00e4tswein<\/strong><\/font><\/td>\n<p><\/tr>\n<tr><\/p>\n<td><font size=\"-1\">Rebsorte<\/font><\/td>\n<td><font size=\"-1\"><strong>Riesling<\/strong><\/font><\/td>\n<p><\/tr>\n<tr>  <\/p>\n<td><font size=\"-1\">Restzuckergehalt<\/font><\/td>\n<p>  <\/p>\n<td><font size=\"-1\"><strong>20,3 g\/Ltr.<\/strong><\/font><\/td>\n<p><\/tr>\n<p><\/p>\n<tr><\/p>\n<td><font size=\"-1\">Alkoholgehalt<\/font><\/td>\n<td><font size=\"-1\"><strong>11,5 Vol. %<\/strong><\/font><\/td>\n<p><\/tr>\n<p><\/p>\n<tr>\n<td><font size=\"-1\">Bio:<\/font><\/td>\n<td><font size=\"-1\"><strong>NEIN<\/strong><\/font><\/td>\n<\/tr>\n<p><\/p>\n<tr>\n<td><font size=\"-1\">vegan:<\/font><\/td>\n<td><font size=\"-1\"><strong>NEIN<\/strong><\/font><\/td>\n<\/tr>\n<p><\/p>\n<tr>\n<td><font size=\"-1\">Ursprungsland:<\/font><\/td>\n<td><font size=\"-1\"><strong>Deutschland<\/strong><\/font><\/td>\n<\/tr>\n<p><\/p>\n<tr>\n<td><font size=\"-1\">enth\u00e4lt Allergene:<\/font><\/td>\n<td><font size=\"-1\"><strong>Sulfite<\/strong><\/font><\/td>\n<\/tr>\n<p><\/table>\n<p>&nbsp;<\/p>\n<p><\/p>\n<p>&nbsp;<\/p>\n<p><\/p>\n<p>&nbsp;<\/p>\n<p><\/p>\n<p><font size=\"-1\" face=\"Arial, Helvetica, sans-serif\">enth\u00e4lt Sulfite<\/font><\/p>\n","protected":false},"excerpt":{"rendered":"<p>Die Wolfsh\u00f6hle&nbsp;erstreckt sich dem Steeger Tal folgend an der Flanke des Voigtsberges. Der blaue Devonschiefer ist hier von Quarzit durchzogen, und das aufliegende Erdreich mit Lehm durchmischt. Mit bis zu 70 Prozent Steigung streben die gro\u00dfen Weinbergsterrassen bis auf 200 H\u00f6henmeter.&nbsp;Unter den Bacharacher Einzellagen genie\u00dft die Wolfsh\u00f6hle die l\u00e4ngste Sonneneinstrahlung. Dieser feinherbe Lagen-Riesling pr\u00e4sentiert sich [&hellip;]<\/p>\n","protected":false},"featured_media":30349,"comment_status":"open","ping_status":"closed","template":"","meta":[],"product_cat":[2675],"product_tag":[],"class_list":{"0":"post-30365","1":"product","2":"type-product","3":"status-publish","4":"has-post-thumbnail","6":"product_cat-04-lagenweine-wolfshoehle","8":"first","9":"instock","10":"taxable","11":"shipping-taxable","12":"purchasable","13":"product-type-simple"},"_links":{"self":[{"href":"https:\/\/shop.weingut-bastian-bacharach.de\/index.php?rest_route=\/wp\/v2\/product\/30365"}],"collection":[{"href":"https:\/\/shop.weingut-bastian-bacharach.de\/index.php?rest_route=\/wp\/v2\/product"}],"about":[{"href":"https:\/\/shop.weingut-bastian-bacharach.de\/index.php?rest_route=\/wp\/v2\/types\/product"}],"replies":[{"embeddable":true,"href":"https:\/\/shop.weingut-bastian-bacharach.de\/index.php?rest_route=%2Fwp%2Fv2%2Fcomments&post=30365"}],"wp:featuredmedia":[{"embeddable":true,"href":"https:\/\/shop.weingut-bastian-bacharach.de\/index.php?rest_route=\/wp\/v2\/media\/30349"}],"wp:attachment":[{"href":"https:\/\/shop.weingut-bastian-bacharach.de\/index.php?rest_route=%2Fwp%2Fv2%2Fmedia&parent=30365"}],"wp:term":[{"taxonomy":"product_cat","embeddable":true,"href":"https:\/\/shop.weingut-bastian-bacharach.de\/index.php?rest_route=%2Fwp%2Fv2%2Fproduct_cat&post=30365"},{"taxonomy":"product_tag","embeddable":true,"href":"https:\/\/shop.weingut-bastian-bacharach.de\/index.php?rest_route=%2Fwp%2Fv2%2Fproduct_tag&post=30365"}],"curies":[{"name":"wp","href":"https:\/\/api.w.org\/{rel}","templated":true}]}}