{"id":13,"date":"2014-08-18T11:34:18","date_gmt":"2014-08-18T09:34:18","guid":{"rendered":"http:\/\/shop.weingut-bastian-bacharach.de\/?page_id=13"},"modified":"2016-08-24T08:58:26","modified_gmt":"2016-08-24T06:58:26","slug":"versand-u-lieferung","status":"publish","type":"page","link":"https:\/\/shop.weingut-bastian-bacharach.de\/?page_id=13","title":{"rendered":"Versand u. Lieferung"},"content":{"rendered":"<p><!-- IBGHTML --><\/p>\n<p><\/p>\n<p>VERSANDKOSTEN<br \/>Gelten f\u00fcr den inl\u00e4ndischen Versand, wenn nicht anders vereinbart oder angek\u00fcndigt, wie folgt:<br \/>Karton mit 6 oder&nbsp;12&nbsp;Flaschen Inhalt werden mit 10,00 Euro pro Einheit berechnet.&nbsp;Ab einem Rechnungsbetrag von&nbsp;250 Euro erfolgt der Versand frei Haus. Sendungen in das benachbarte Ausland werden nach Vereinbarung individuell berechnet.<\/p>\n<p><\/p>\n<p>LIEFER-Und ZAHLUNGSBEDINGUNGEN<br \/>Die Preise gelten ab Keller Bacharach. Die gesetzliche Mehrwertsteuer, Glas und Verpackung f\u00fcr den Verkauf <br \/>ab Weingut sind darin enthalten. <br \/>M\u00f6gliche Transportsch\u00e4den bei Warensendungen sind sofort nach Erhalt beim Transporteur und bei uns anzuzeigen.<\/p>\n<p><\/p>\n<p>Die Ware bleibt bis zur vollst\u00e4ndigen Bezahlung Eigentum des Weingutes. Erf\u00fcllungsort f\u00fcr beide Teile <br \/>ist Bacharach.<\/p>\n<p><\/p>\n<p>Die Kristallisation von Weinstein ist eine nat\u00fcrliche Erscheinung hochwertiger Weine und kann nicht beanstandet werden. <\/p>\n<p><\/p>\n<p>WIDERRUFSRECHT F\u00dcR VERBRAUCHER<\/p>\n<p>Widerrufsbelehrung &amp; Widerrufsformular<\/p>\n<p><\/p>\n<p>Verbrauchern steht ein Widerrufsrecht nach folgender Ma\u00dfgabe zu, wobei Verbraucher jede nat\u00fcrliche Person ist, die ein Rechtsgesch\u00e4ft zu Zwecken abschlie\u00dft, die \u00fcberwiegend weder ihrer gewerblichen noch ihrer selbst\u00e4ndigen beruflichen T\u00e4tigkeit zugerechnet werden k\u00f6nnen:<\/p>\n<p><\/p>\n<p>A. Widerrufsbelehrung<\/p>\n<p><\/p>\n<p>Widerrufsrecht<\/p>\n<p><\/p>\n<p>Sie haben das Recht, binnen vierzehn Tagen ohne Angabe von Gr\u00fcnden diesen Vertrag zu widerrufen.<\/p>\n<p><\/p>\n<p>Die Widerrufsfrist betr\u00e4gt vierzehn Tage ab dem Tag, an dem Sie oder ein von Ihnen benannter Dritter, der nicht der Bef\u00f6rderer ist, die letzte Ware in Besitz genommen haben bzw. hat.<\/p>\n<p><\/p>\n<p>Um Ihr Widerrufsrecht auszu\u00fcben, m\u00fcssen Sie uns (Friedrich Bastian, Oberstra\u00dfe 63, 55422 Bacharach Tel: 06743-9378530) mittels einer eindeutigen Erkl\u00e4rung (z. B. ein mit der Post versandter Brief oder E-Mail) \u00fcber Ihren Entschluss, diesen Vertrag zu widerrufen, informieren. Sie k\u00f6nnen daf\u00fcr das beigef\u00fcgte Muster-Widerrufsformular verwenden, das jedoch nicht vorgeschrieben ist.<\/p>\n<p><\/p>\n<p>Zur Wahrung der Widerrufsfrist reicht es aus, dass Sie die Mitteilung \u00fcber die Aus\u00fcbung des Widerrufsrechts vor Ablauf der Widerrufsfrist absenden.<\/p>\n<p><\/p>\n<p>Folgen des Widerrufs<\/p>\n<p><\/p>\n<p>Wenn Sie diesen Vertrag widerrufen, haben wir Ihnen alle Zahlungen, die wir von Ihnen erhalten haben, einschlie\u00dflich der Lieferkosten (mit Ausnahme der zus\u00e4tzlichen Kosten, die sich daraus ergeben, dass Sie eine andere Art der Lieferung als die von uns angebotene, g\u00fcnstigste Standardlieferung gew\u00e4hlt haben), unverz\u00fcglich und sp\u00e4testens binnen vierzehn Tagen ab dem Tag zur\u00fcckzuzahlen, an dem die Mitteilung \u00fcber Ihren Widerruf dieses Vertrags bei uns eingegangen ist. F\u00fcr diese R\u00fcckzahlung verwenden wir dasselbe Zahlungsmittel, das Sie bei der urspr\u00fcnglichen Transaktion eingesetzt haben, es sei denn, mit Ihnen wurde ausdr\u00fccklich etwas anderes vereinbart; in keinem Fall werden Ihnen wegen dieser R\u00fcckzahlung Entgelte berechnet. Wir k\u00f6nnen die R\u00fcckzahlung verweigern, bis wir die Waren wieder zur\u00fcckerhalten haben oder bis Sie den Nachweis erbracht haben, dass Sie die Waren zur\u00fcckgesandt haben, je nachdem, welches der fr\u00fchere Zeitpunkt ist.<\/p>\n<p><\/p>\n<p>Sie haben die Waren unverz\u00fcglich und in jedem Fall sp\u00e4testens binnen vierzehn Tagen ab dem Tag, an dem Sie uns \u00fcber den Widerruf dieses Vertrags unterrichten, an uns zur\u00fcckzusenden oder zu \u00fcbergeben. Die Frist ist gewahrt, wenn Sie die Waren vor Ablauf der Frist von vierzehn Tagen absenden.<\/p>\n<p><\/p>\n<p>Die Kosten f\u00fcr die R\u00fccksendung der Ware zahlt der Verbraucher.<br \/>Sie m\u00fcssen f\u00fcr einen etwaigen Wertverlust der Waren nur aufkommen, wenn dieser Wertverlust auf einen zur Pr\u00fcfung der Beschaffenheit, Eigenschaften und Funktionsweise der Waren nicht notwendigen Umgang mit ihnen zur\u00fcckzuf\u00fchren ist.<br \/>B. Widerrufsformular<br \/>Wenn Sie den Vertrag widerrufen wollen, dann f\u00fcllen Sie bitte dieses Formular aus und senden Sie es zur\u00fcck.<\/p>\n<p>An<br \/>Weingut Friedrich Bastian<br \/>Oberstra\u00dfe 63<br \/>55422 Bacharach<br \/>Deutschland<\/p>\n<p>Hiermit widerrufe(n) ich\/wir (*) den von mir\/uns (*) abgeschlossenen Vertrag \u00fcber den Kauf der folgenden Waren (*)\/die Erbringung der folgenden Dienstleistung (*)<br \/>_______________________________________________________<br \/>_______________________________________________________<br \/>&nbsp;<br \/>Bestellt am (*) ____________ \/ erhalten am (*) __________________<br \/>&nbsp;<br \/>________________________________________________________<br \/>Name des\/der Verbraucher(s)<br \/>________________________________________________________<br \/>Anschrift des\/der Verbraucher(s)<br \/>________________________________________________________<br \/>Unterschrift des\/der Verbraucher(s) (nur bei Mitteilung auf Papier)<br \/>_________________________ <br \/>Datum<\/p>\n<p>(*) Unzutreffendes streichen<\/p>\n<p>&nbsp;<\/p>\n","protected":false},"excerpt":{"rendered":"<p>VERSANDKOSTENGelten f\u00fcr den inl\u00e4ndischen Versand, wenn nicht anders vereinbart oder angek\u00fcndigt, wie folgt:Karton mit 6 oder&nbsp;12&nbsp;Flaschen Inhalt werden mit 10,00 Euro pro Einheit berechnet.&nbsp;Ab einem Rechnungsbetrag von&nbsp;250 Euro erfolgt der Versand frei Haus. Sendungen in das benachbarte Ausland werden nach Vereinbarung individuell berechnet. LIEFER-Und ZAHLUNGSBEDINGUNGENDie Preise gelten ab Keller Bacharach. Die gesetzliche Mehrwertsteuer, Glas und [&hellip;]<\/p>\n","protected":false},"author":1,"featured_media":0,"parent":0,"menu_order":0,"comment_status":"closed","ping_status":"open","template":"","meta":{"footnotes":""},"class_list":["post-13","page","type-page","status-publish","hentry"],"_links":{"self":[{"href":"https:\/\/shop.weingut-bastian-bacharach.de\/index.php?rest_route=\/wp\/v2\/pages\/13"}],"collection":[{"href":"https:\/\/shop.weingut-bastian-bacharach.de\/index.php?rest_route=\/wp\/v2\/pages"}],"about":[{"href":"https:\/\/shop.weingut-bastian-bacharach.de\/index.php?rest_route=\/wp\/v2\/types\/page"}],"author":[{"embeddable":true,"href":"https:\/\/shop.weingut-bastian-bacharach.de\/index.php?rest_route=\/wp\/v2\/users\/1"}],"replies":[{"embeddable":true,"href":"https:\/\/shop.weingut-bastian-bacharach.de\/index.php?rest_route=%2Fwp%2Fv2%2Fcomments&post=13"}],"version-history":[{"count":3,"href":"https:\/\/shop.weingut-bastian-bacharach.de\/index.php?rest_route=\/wp\/v2\/pages\/13\/revisions"}],"predecessor-version":[{"id":7119,"href":"https:\/\/shop.weingut-bastian-bacharach.de\/index.php?rest_route=\/wp\/v2\/pages\/13\/revisions\/7119"}],"wp:attachment":[{"href":"https:\/\/shop.weingut-bastian-bacharach.de\/index.php?rest_route=%2Fwp%2Fv2%2Fmedia&parent=13"}],"curies":[{"name":"wp","href":"https:\/\/api.w.org\/{rel}","templated":true}]}}